{"id":459,"date":"2013-05-07T07:24:48","date_gmt":"2013-05-07T06:24:48","guid":{"rendered":"http:\/\/www.pelhan.si\/?page_id=459"},"modified":"2024-11-14T19:08:10","modified_gmt":"2024-11-14T18:08:10","slug":"recenzije","status":"publish","type":"page","link":"http:\/\/www.pelhan.si\/drugi-o-nas\/recenzije\/","title":{"rendered":"Recenzije"},"content":{"rendered":"\n<p>Na portalu&nbsp;<a rel=\"noreferrer noopener\" href=\"http:\/\/www.rockline.si\/podrobnosti-recenzije\/v-neznano-5487\" target=\"_blank\">www.rockline.si<\/a>&nbsp;je objavljena recenzija plo\u0161\u010dka &#8221;Zgrabi me&#8221;.<\/p>\n\n\n\n<figure class=\"wp-block-embed is-type-wp-embed is-provider-rockline-si wp-block-embed-rockline-si\"><div class=\"wp-block-embed__wrapper\">\n<blockquote class=\"wp-embedded-content\" data-secret=\"vVMwtbDIit\"><a href=\"https:\/\/www.rockline.si\/pelhan-zgrabi-me\/\">Pelhan: Zgrabi me<\/a><\/blockquote><iframe loading=\"lazy\" class=\"wp-embedded-content\" sandbox=\"allow-scripts\" security=\"restricted\" style=\"position: absolute; visibility: hidden;\" title=\"&#8220;Pelhan: Zgrabi me&#8221; &#8212; Rockline.si\" src=\"https:\/\/www.rockline.si\/pelhan-zgrabi-me\/embed\/#?secret=HnzpgqAqDw#?secret=vVMwtbDIit\" data-secret=\"vVMwtbDIit\" width=\"530\" height=\"299\" frameborder=\"0\" marginwidth=\"0\" marginheight=\"0\" scrolling=\"no\"><\/iframe>\n<\/div><\/figure>\n\n\n\n<p><\/p>\n\n\n<p>Na portalu <a title=\"Rockline\" href=\"http:\/\/www.rockline.si\/podrobnosti-recenzije\/v-neznano-5487\" target=\"_blank\" rel=\"noopener\">www.rockline.si<\/a> je objavljena recenzija plo\u0161\u010dka &#8221;V neznano&#8221;.<\/p>\n<p style=\"text-align: center;\"><img loading=\"lazy\" decoding=\"async\" class=\"aligncenter  wp-image-482\" src=\"http:\/\/www.pelhan.si\/wp-content\/uploads\/2013\/05\/rockline_recenzija_pelhan.jpg\" alt=\"rockline_recenzija_pelhan\" width=\"676\" height=\"1669\" srcset=\"http:\/\/www.pelhan.si\/wp-content\/uploads\/2013\/05\/rockline_recenzija_pelhan.jpg 676w, http:\/\/www.pelhan.si\/wp-content\/uploads\/2013\/05\/rockline_recenzija_pelhan-121x300.jpg 121w\" sizes=\"auto, (max-width: 676px) 100vw, 676px\" \/><\/p>","protected":false},"excerpt":{"rendered":"<p>Na portalu&nbsp;www.rockline.si&nbsp;je objavljena recenzija plo\u0161\u010dka &#8221;Zgrabi me&#8221;. Na portalu www.rockline.si je objavljena recenzija plo\u0161\u010dka &#8221;V neznano&#8221;.<\/p>\n","protected":false},"author":1,"featured_media":0,"parent":455,"menu_order":1,"comment_status":"closed","ping_status":"closed","template":"","meta":{"footnotes":""},"class_list":["post-459","page","type-page","status-publish","hentry"],"_links":{"self":[{"href":"http:\/\/www.pelhan.si\/wp-json\/wp\/v2\/pages\/459","targetHints":{"allow":["GET"]}}],"collection":[{"href":"http:\/\/www.pelhan.si\/wp-json\/wp\/v2\/pages"}],"about":[{"href":"http:\/\/www.pelhan.si\/wp-json\/wp\/v2\/types\/page"}],"author":[{"embeddable":true,"href":"http:\/\/www.pelhan.si\/wp-json\/wp\/v2\/users\/1"}],"replies":[{"embeddable":true,"href":"http:\/\/www.pelhan.si\/wp-json\/wp\/v2\/comments?post=459"}],"version-history":[{"count":8,"href":"http:\/\/www.pelhan.si\/wp-json\/wp\/v2\/pages\/459\/revisions"}],"predecessor-version":[{"id":1146,"href":"http:\/\/www.pelhan.si\/wp-json\/wp\/v2\/pages\/459\/revisions\/1146"}],"up":[{"embeddable":true,"href":"http:\/\/www.pelhan.si\/wp-json\/wp\/v2\/pages\/455"}],"wp:attachment":[{"href":"http:\/\/www.pelhan.si\/wp-json\/wp\/v2\/media?parent=459"}],"curies":[{"name":"wp","href":"https:\/\/api.w.org\/{rel}","templated":true}]}}